{"id":42,"date":"2025-06-24T10:10:54","date_gmt":"2025-06-24T10:10:54","guid":{"rendered":"https:\/\/sznled.com\/?page_id=42"},"modified":"2025-07-08T08:21:31","modified_gmt":"2025-07-08T08:21:31","slug":"about-us","status":"publish","type":"page","link":"https:\/\/sznled.com\/es\/about-us\/","title":{"rendered":"Acerca De Nosotros"},"content":{"rendered":"<div data-elementor-type=\"wp-page\" data-elementor-id=\"42\" class=\"elementor elementor-42\" data-elementor-post-type=\"page\">\n\t\t\t\t<div class=\"elementor-element elementor-element-368bd60 e-con-full e-flex e-con e-parent\" data-id=\"368bd60\" data-element_type=\"container\" data-settings=\"{&quot;background_background&quot;:&quot;classic&quot;}\">\n\t\t<div class=\"elementor-element elementor-element-e066dc3 e-con-full e-flex e-con e-child\" data-id=\"e066dc3\" data-element_type=\"container\">\n\t\t<div class=\"elementor-element elementor-element-8a3895f e-con-full e-flex e-con e-child\" data-id=\"8a3895f\" data-element_type=\"container\" data-settings=\"{&quot;background_background&quot;:&quot;classic&quot;}\">\n\t\t\t\t<div class=\"elementor-element elementor-element-3d55fec elementor-widget elementor-widget-heading\" data-id=\"3d55fec\" data-element_type=\"widget\" data-widget_type=\"heading.default\">\n\t\t\t\t<div class=\"elementor-widget-container\">\n\t\t\t\t\t<h2 class=\"elementor-heading-title elementor-size-default\">acerca de nosotros<\/h2>\t\t\t\t<\/div>\n\t\t\t\t<\/div>\n\t\t\t\t<\/div>\n\t\t<div class=\"elementor-element elementor-element-43c8fa2 e-con-full e-flex e-con e-child\" data-id=\"43c8fa2\" data-element_type=\"container\">\n\t\t<div class=\"elementor-element elementor-element-8e37bbd e-flex e-con-boxed e-con e-child\" data-id=\"8e37bbd\" data-element_type=\"container\">\n\t\t\t\t\t<div class=\"e-con-inner\">\n\t\t<div class=\"elementor-element elementor-element-7c82f75 e-con-full e-flex e-con e-child\" data-id=\"7c82f75\" data-element_type=\"container\">\n\t\t<div class=\"elementor-element elementor-element-96cc9fa e-con-full e-flex elementor-invisible e-con e-child\" data-id=\"96cc9fa\" data-element_type=\"container\" data-settings=\"{&quot;animation&quot;:&quot;fadeInLeft&quot;}\">\n\t\t\t\t<div class=\"elementor-element elementor-element-e76963f elementor-widget elementor-widget-text-editor\" data-id=\"e76963f\" data-element_type=\"widget\" data-widget_type=\"text-editor.default\">\n\t\t\t\t<div class=\"elementor-widget-container\">\n\t\t\t\t\t\t\t\t\t<div>Con sede en Shenzhen, China, SHENZHEN NEBULOSA LED es delicadas en el dise\u00f1o y la fabricaci\u00f3n de diferentes tipos de Pantallas LED para los clientes globales. NLED principalmente proporciona la publicidad al aire libre de la pantalla LED, cubierta fija de la pantalla LED, peque\u00f1os echada del pixel de la pantalla LED, pantalla LED de alquiler, etc. Que son ampliamente usados en la financiera, deportes, el tiempo, los militares, la publicidad, el transporte, la radiodifusi\u00f3n y la comunicaci\u00f3n, los eventos de los campos.<\/div><p>\u00a0<\/p><div>Tenemos la autom\u00e1tica de alta velocidad de SMT de las l\u00edneas de producci\u00f3n. Independiente departamento de I + D, centro de pruebas, de laboratorio y con un estricto sistema de control de calidad son el punto clave para garantizar la buena calidad. La satisfacci\u00f3n del cliente es siempre el objetivo de NLED.<\/div><p>\u00a0<\/p><div>Hasta ahora, NLED productos han sido vendidos a m\u00e1s de 50 pa\u00edses en el mundo. Especialmente en europa y Am\u00e9rica del Sur a los mercados.<\/div>\t\t\t\t\t\t\t\t<\/div>\n\t\t\t\t<\/div>\n\t\t\t\t<\/div>\n\t\t<div class=\"elementor-element elementor-element-5972f64 e-con-full e-flex elementor-invisible e-con e-child\" data-id=\"5972f64\" data-element_type=\"container\" data-settings=\"{&quot;animation&quot;:&quot;fadeInRight&quot;}\">\n\t\t\t\t<div class=\"elementor-element elementor-element-1ad2e3b elementor-widget elementor-widget-video\" data-id=\"1ad2e3b\" data-element_type=\"widget\" data-settings=\"{&quot;video_type&quot;:&quot;hosted&quot;,&quot;show_image_overlay&quot;:&quot;yes&quot;,&quot;image_overlay&quot;:{&quot;url&quot;:&quot;http:\\\/\\\/sznled.com\\\/wp-content\\\/uploads\\\/2025\\\/06\\\/264559f78d0acfb8b1b9e6bb8da0f3e30.000.bmp&quot;,&quot;id&quot;:84,&quot;size&quot;:&quot;&quot;,&quot;alt&quot;:&quot;&quot;,&quot;source&quot;:&quot;library&quot;},&quot;controls&quot;:&quot;yes&quot;}\" data-widget_type=\"video.default\">\n\t\t\t\t<div class=\"elementor-widget-container\">\n\t\t\t\t\t\t\t<div class=\"e-hosted-video elementor-wrapper elementor-open-inline\">\n\t\t\t\t\t<video class=\"elementor-video\" src=\"http:\/\/sznled.com\/wp-content\/uploads\/2025\/06\/264559f78d0acfb8b1b9e6bb8da0f3e3.mp4\" controls=\"\" preload=\"metadata\" controlslist=\"nodownload\"><\/video>\n\t\t\t\t\t\t<div class=\"elementor-custom-embed-image-overlay\" style=\"background-image: url(https:\/\/sznled.com\/wp-content\/uploads\/2025\/06\/264559f78d0acfb8b1b9e6bb8da0f3e30.000.bmp);\">\n\t\t\t\t\t\t\t\t\t\t\t\t\t\t\t\t<div class=\"elementor-custom-embed-play\" role=\"button\" aria-label=\"Jugar Video\" tabindex=\"0\">\n\t\t\t\t\t\t\t<svg aria-hidden=\"true\" class=\"e-font-icon-svg e-eicon-play\" viewbox=\"0 0 1000 1000\" xmlns=\"http:\/\/www.w3.org\/2000\/svg\"><path d=\"M838 162C746 71 633 25 500 25 371 25 258 71 163 162 71 254 25 367 25 500 25 633 71 746 163 837 254 929 367 979 500 979 633 979 746 933 838 837 929 746 975 633 975 500 975 367 929 254 838 162M808 192C892 279 933 379 933 500 933 621 892 725 808 808 725 892 621 938 500 938 379 938 279 896 196 808 113 725 67 621 67 500 67 379 108 279 196 192 279 108 383 62 500 62 621 62 721 108 808 192M438 392V642L642 517 438 392Z\"><\/path><\/svg>\t\t\t\t\t\t<\/div>\n\t\t\t\t\t\t\t\t\t<\/div>\n\t\t\t\t\t<\/div>\n\t\t\t\t\t\t<\/div>\n\t\t\t\t<\/div>\n\t\t\t\t<\/div>\n\t\t\t\t<\/div>\n\t\t\t\t\t<\/div>\n\t\t\t\t<\/div>\n\t\t\t\t<\/div>\n\t\t\t\t<\/div>\n\t\t\t\t<\/div>\n\t\t\t\t<\/div>","protected":false},"excerpt":{"rendered":"<p>about us Based in Shenzhen, China, SHENZHEN NEBULA LED is delicated in designing and manufacturing different types of LED Displays for the global customers. NLED mainly\u00a0provides outdoor advertising LED display, indoor fixed LED display, small pixel pitch LED display, rental LED display, etc. Which\u00a0are wildly used in financial, sports, weather, military, advertising, transportation, broadcasting, and\u00a0communication, [&hellip;]<\/p>","protected":false},"author":1,"featured_media":0,"parent":0,"menu_order":0,"comment_status":"closed","ping_status":"closed","template":"","meta":{"_acf_changed":false,"footnotes":""},"class_list":["post-42","page","type-page","status-publish","hentry"],"acf":[],"_links":{"self":[{"href":"https:\/\/sznled.com\/es\/wp-json\/wp\/v2\/pages\/42","targetHints":{"allow":["GET"]}}],"collection":[{"href":"https:\/\/sznled.com\/es\/wp-json\/wp\/v2\/pages"}],"about":[{"href":"https:\/\/sznled.com\/es\/wp-json\/wp\/v2\/types\/page"}],"author":[{"embeddable":true,"href":"https:\/\/sznled.com\/es\/wp-json\/wp\/v2\/users\/1"}],"replies":[{"embeddable":true,"href":"https:\/\/sznled.com\/es\/wp-json\/wp\/v2\/comments?post=42"}],"version-history":[{"count":19,"href":"https:\/\/sznled.com\/es\/wp-json\/wp\/v2\/pages\/42\/revisions"}],"predecessor-version":[{"id":824,"href":"https:\/\/sznled.com\/es\/wp-json\/wp\/v2\/pages\/42\/revisions\/824"}],"wp:attachment":[{"href":"https:\/\/sznled.com\/es\/wp-json\/wp\/v2\/media?parent=42"}],"curies":[{"name":"wp","href":"https:\/\/api.w.org\/{rel}","templated":true}]}}